{"id":2,"date":"2016-05-10T03:48:21","date_gmt":"2016-05-10T03:48:21","guid":{"rendered":"http:\/\/einstein-nachhilfe.at\/?page_id=2"},"modified":"2023-01-10T12:11:00","modified_gmt":"2023-01-10T12:11:00","slug":"sample-page","status":"publish","type":"page","link":"https:\/\/einstein-nachhilfe.at\/","title":{"rendered":"Mathematik Nachhilfe mit Therapiehund Einstein"},"content":{"rendered":"\n<figure class=\"wp-block-image aligncenter size-large is-style-rounded\"><img loading=\"lazy\" decoding=\"async\" width=\"497\" height=\"516\" src=\"https:\/\/einstein-nachhilfe.at\/wp-content\/uploads\/2021\/05\/Logo_Einsteinnachhilfe.png\" alt=\"\" class=\"wp-image-15\" srcset=\"https:\/\/einstein-nachhilfe.at\/wp-content\/uploads\/2021\/05\/Logo_Einsteinnachhilfe.png 497w, https:\/\/einstein-nachhilfe.at\/wp-content\/uploads\/2021\/05\/Logo_Einsteinnachhilfe-289x300.png 289w\" sizes=\"auto, (max-width: 497px) 100vw, 497px\" \/><figcaption class=\"wp-element-caption\">Hier bist du richtig wenn du Hilfe in Mathematik ben\u00f6tigst und du einen ganz besonderen Nachhilfeunterricht suchst. <br>Individueller Einzelunterricht f\u00fcr alle Schulstufen!<\/figcaption><\/figure>\n\n\n\n<p><\/p>\n\n\n<h3><strong>Wissen wie man Wissen vermittelt&#8230;<\/strong><\/h3>\n<h3>Mathematik-Unterricht mal anders:<\/h3>\n<ul>\n<li>Mit einer <strong>Diplommathematikerin<\/strong>&nbsp;(Mag.a rer. nat. &#8211; Uni Wien) als Trainerin<\/li>\n<li>Mit einem <strong>Therapiehund<\/strong> als tiergest\u00fctzte Lernoptimierung&nbsp;<\/li>\n<li>Mit viel Spa\u00df und <strong>integrativen Spielen<\/strong> verbunden<\/li>\n<li>Mit Liebe zum Detail, Genauigkeit und <strong>individueller Lernf\u00f6rderung<\/strong> f\u00fcr jeden Sch\u00fcler<\/li>\n<li>Mit <strong>Freude am Unterrichten<\/strong> und gemeinsamen Erarbeiten des Stoffgebietes<\/li>\n<li>Mit <strong>Verl\u00e4sslichkeit<\/strong> und gezielter&nbsp;Vorbereitung auf individuelle Lernschw\u00e4chen<\/li>\n<li>Mit Vertrauen und <strong>gro\u00dfer Wertsch\u00e4tzung<\/strong> zum Sch\u00fcler<\/li>\n<\/ul>\n\n\n<figure class=\"wp-block-image size-large is-style-default\"><img loading=\"lazy\" decoding=\"async\" width=\"1012\" height=\"1350\" src=\"https:\/\/einstein-nachhilfe.at\/wp-content\/uploads\/2021\/05\/Foto_Ich-und-Hund-edited.jpeg\" alt=\"\" class=\"wp-image-9\" srcset=\"https:\/\/einstein-nachhilfe.at\/wp-content\/uploads\/2021\/05\/Foto_Ich-und-Hund-edited.jpeg 1012w, https:\/\/einstein-nachhilfe.at\/wp-content\/uploads\/2021\/05\/Foto_Ich-und-Hund-edited-225x300.jpeg 225w, https:\/\/einstein-nachhilfe.at\/wp-content\/uploads\/2021\/05\/Foto_Ich-und-Hund-edited-768x1025.jpeg 768w\" sizes=\"auto, (max-width: 1012px) 100vw, 1012px\" \/><figcaption class=\"wp-element-caption\">Ein gutes Team &#8211; mit Therapiehund Einstein!<\/figcaption><\/figure>\n\n\n\n<p><\/p>\n\n\n\n<figure class=\"wp-block-image size-large is-resized is-style-default\"><img loading=\"lazy\" decoding=\"async\" src=\"https:\/\/einstein-nachhilfe.at\/wp-content\/uploads\/2021\/05\/Zentralmatura-1.png\" alt=\"\" class=\"wp-image-11\" width=\"381\" height=\"269\" srcset=\"https:\/\/einstein-nachhilfe.at\/wp-content\/uploads\/2021\/05\/Zentralmatura-1.png 424w, https:\/\/einstein-nachhilfe.at\/wp-content\/uploads\/2021\/05\/Zentralmatura-1-300x212.png 300w\" sizes=\"auto, (max-width: 381px) 100vw, 381px\" \/><figcaption class=\"wp-element-caption\">     Vorbereitung auf die Zentralmatura in Mathematik (AHS und BHS\/ alle Cluster)<\/figcaption><\/figure>\n\n\n\n<p><\/p>\n\n\n\n<figure class=\"wp-block-image size-large is-resized is-style-default\"><img loading=\"lazy\" decoding=\"async\" src=\"https:\/\/einstein-nachhilfe.at\/wp-content\/uploads\/2021\/05\/Uni-Logo.png\" alt=\"\" class=\"wp-image-8\" width=\"406\" height=\"149\" srcset=\"https:\/\/einstein-nachhilfe.at\/wp-content\/uploads\/2021\/05\/Uni-Logo.png 491w, https:\/\/einstein-nachhilfe.at\/wp-content\/uploads\/2021\/05\/Uni-Logo-300x111.png 300w\" sizes=\"auto, (max-width: 406px) 100vw, 406px\" \/><figcaption class=\"wp-element-caption\">Mit einem kompetenten Lehrer <\/figcaption><\/figure>\n\n\n\n<p><\/p>\n\n\n\n<figure class=\"wp-block-image size-large is-style-default\"><img loading=\"lazy\" decoding=\"async\" width=\"1024\" height=\"576\" src=\"https:\/\/einstein-nachhilfe.at\/wp-content\/uploads\/2021\/05\/Haus-der-Sonne-mit-Einstein-1024x576.jpg\" alt=\"\" class=\"wp-image-63\" srcset=\"https:\/\/einstein-nachhilfe.at\/wp-content\/uploads\/2021\/05\/Haus-der-Sonne-mit-Einstein-1024x576.jpg 1024w, https:\/\/einstein-nachhilfe.at\/wp-content\/uploads\/2021\/05\/Haus-der-Sonne-mit-Einstein-300x169.jpg 300w, https:\/\/einstein-nachhilfe.at\/wp-content\/uploads\/2021\/05\/Haus-der-Sonne-mit-Einstein-768x432.jpg 768w, https:\/\/einstein-nachhilfe.at\/wp-content\/uploads\/2021\/05\/Haus-der-Sonne-mit-Einstein-1536x864.jpg 1536w, https:\/\/einstein-nachhilfe.at\/wp-content\/uploads\/2021\/05\/Haus-der-Sonne-mit-Einstein-1568x882.jpg 1568w, https:\/\/einstein-nachhilfe.at\/wp-content\/uploads\/2021\/05\/Haus-der-Sonne-mit-Einstein.jpg 2048w\" sizes=\"auto, (max-width: 1024px) 100vw, 1024px\" \/><figcaption class=\"wp-element-caption\">Individuelles Lernen mit viel Freude und Spa\u00df durch Einsatz eines ausgebildeten Therapiehundes<\/figcaption><\/figure>\n\n\n\n<p><\/p>\n\n\n\n<div class=\"wp-block-columns is-layout-flex wp-container-core-columns-is-layout-28f84493 wp-block-columns-is-layout-flex\">\n<div class=\"wp-block-column is-layout-flow wp-block-column-is-layout-flow\" style=\"flex-basis:100%\">\n<div id=\"cc-m-14158882924\" class=\"j-module n j-text \">\n<p><strong>Nachhilfe Institut Einstein&nbsp;<\/strong><span style=\"font-size: inherit; color: var(--global--color-primary); font-family: var(--global--font-secondary); background-color: var(--global--color-background);\">in der&nbsp;<\/span><strong style=\"font-size: inherit; color: var(--global--color-primary); font-family: var(--global--font-secondary);\">Haggenm\u00fcllergasse 10\/ B\u00fcro 1<\/strong><\/p>\n<p><strong style=\"font-size: inherit; color: var(--global--color-primary); font-family: var(--global--font-secondary);\">2700 WIENER NEUSTADT<\/strong><\/p>\n<p>E-Mail: carina_berger@einstein-nachhilfe.at<\/p>\n<p>Telefon: +436803040666<\/p>\n<p><\/p>\n<\/div>\n<\/div>\n<\/div>\n\n\n\n<p><\/p>\n","protected":false},"excerpt":{"rendered":"<p>Wissen wie man Wissen vermittelt&#8230; Mathematik-Unterricht mal anders: Mit einer Diplommathematikerin&nbsp;(Mag.a rer. nat. &#8211; Uni Wien) als Trainerin Mit einem Therapiehund als tiergest\u00fctzte Lernoptimierung&nbsp; Mit viel Spa\u00df und integrativen Spielen verbunden Mit Liebe zum Detail, Genauigkeit und individueller Lernf\u00f6rderung f\u00fcr jeden Sch\u00fcler Mit Freude am Unterrichten und gemeinsamen Erarbeiten des Stoffgebietes Mit Verl\u00e4sslichkeit und gezielter&nbsp;Vorbereitung [&hellip;]<\/p>\n","protected":false},"author":1,"featured_media":0,"parent":0,"menu_order":1,"comment_status":"closed","ping_status":"closed","template":"","meta":{"footnotes":""},"class_list":["post-2","page","type-page","status-publish","hentry"],"_links":{"self":[{"href":"https:\/\/einstein-nachhilfe.at\/index.php?rest_route=\/wp\/v2\/pages\/2","targetHints":{"allow":["GET"]}}],"collection":[{"href":"https:\/\/einstein-nachhilfe.at\/index.php?rest_route=\/wp\/v2\/pages"}],"about":[{"href":"https:\/\/einstein-nachhilfe.at\/index.php?rest_route=\/wp\/v2\/types\/page"}],"author":[{"embeddable":true,"href":"https:\/\/einstein-nachhilfe.at\/index.php?rest_route=\/wp\/v2\/users\/1"}],"replies":[{"embeddable":true,"href":"https:\/\/einstein-nachhilfe.at\/index.php?rest_route=%2Fwp%2Fv2%2Fcomments&post=2"}],"version-history":[{"count":6,"href":"https:\/\/einstein-nachhilfe.at\/index.php?rest_route=\/wp\/v2\/pages\/2\/revisions"}],"predecessor-version":[{"id":89,"href":"https:\/\/einstein-nachhilfe.at\/index.php?rest_route=\/wp\/v2\/pages\/2\/revisions\/89"}],"wp:attachment":[{"href":"https:\/\/einstein-nachhilfe.at\/index.php?rest_route=%2Fwp%2Fv2%2Fmedia&parent=2"}],"curies":[{"name":"wp","href":"https:\/\/api.w.org\/{rel}","templated":true}]}}